{"id":5644,"date":"2025-05-03T13:20:10","date_gmt":"2025-05-03T13:20:10","guid":{"rendered":"https:\/\/socob.co.ma\/?page_id=5644"},"modified":"2025-05-03T18:11:09","modified_gmt":"2025-05-03T18:11:09","slug":"presidents-corner","status":"publish","type":"page","link":"https:\/\/socob.co.ma\/en\/presidents-corner\/","title":{"rendered":"President&rsquo;s Corner"},"content":{"rendered":"<div data-elementor-type=\"wp-page\" data-elementor-id=\"5644\" class=\"elementor elementor-5644\" data-elementor-post-type=\"page\">\n\t\t\t\t\t\t<section data-particle_enable=\"false\" data-particle-mobile-disabled=\"false\" class=\"elementor-section elementor-top-section elementor-element elementor-element-4d63299 elementor-section-boxed elementor-section-height-default elementor-section-height-default\" data-id=\"4d63299\" data-element_type=\"section\" data-e-type=\"section\">\n\t\t\t\t\t\t<div class=\"elementor-container elementor-column-gap-default\">\n\t\t\t\t\t<div class=\"elementor-column elementor-col-100 elementor-top-column elementor-element elementor-element-644924d\" data-id=\"644924d\" data-element_type=\"column\" data-e-type=\"column\">\n\t\t\t<div class=\"elementor-widget-wrap elementor-element-populated\">\n\t\t\t\t\t\t<section data-particle_enable=\"false\" data-particle-mobile-disabled=\"false\" class=\"elementor-section elementor-inner-section elementor-element elementor-element-a94a0d8 elementor-section-content-middle elementor-section-boxed elementor-section-height-default elementor-section-height-default\" data-id=\"a94a0d8\" data-element_type=\"section\" data-e-type=\"section\">\n\t\t\t\t\t\t<div class=\"elementor-container elementor-column-gap-custom\">\n\t\t\t\t\t<div class=\"elementor-column elementor-col-50 elementor-inner-column elementor-element elementor-element-ad412b5\" data-id=\"ad412b5\" data-element_type=\"column\" data-e-type=\"column\">\n\t\t\t<div class=\"elementor-widget-wrap elementor-element-populated\">\n\t\t\t\t\t\t<div class=\"elementor-element elementor-element-ec6b21d elementor-widget__width-auto elementor-absolute img-layer_image leftdown1 elementor-hidden-tablet elementor-hidden-mobile elementor-widget elementor-widget-image\" data-id=\"ec6b21d\" data-element_type=\"widget\" data-e-type=\"widget\" data-settings=\"{&quot;_position&quot;:&quot;absolute&quot;}\" data-widget_type=\"image.default\">\n\t\t\t\t<div class=\"elementor-widget-container\">\n\t\t\t\t\t\t\t\t\t\t\t\t\t\t\t<img fetchpriority=\"high\" decoding=\"async\" width=\"280\" height=\"376\" src=\"https:\/\/socob.co.ma\/wp-content\/uploads\/2025\/04\/socob-siege-bg.jpg\" class=\"attachment-large size-large wp-image-4242\" alt=\"\" srcset=\"https:\/\/socob.co.ma\/wp-content\/uploads\/2025\/04\/socob-siege-bg.jpg 280w, https:\/\/socob.co.ma\/wp-content\/uploads\/2025\/04\/socob-siege-bg-223x300.jpg 223w\" sizes=\"(max-width: 280px) 100vw, 280px\" \/>\t\t\t\t\t\t\t\t\t\t\t\t\t\t\t<\/div>\n\t\t\t\t<\/div>\n\t\t\t\t<div class=\"elementor-element elementor-element-b07f25e elementor-widget__width-auto hover-image-janelas elementor-widget elementor-widget-image\" data-id=\"b07f25e\" data-element_type=\"widget\" data-e-type=\"widget\" data-widget_type=\"image.default\">\n\t\t\t\t<div class=\"elementor-widget-container\">\n\t\t\t\t\t\t\t\t\t\t\t\t\t\t\t<img decoding=\"async\" width=\"616\" height=\"841\" src=\"https:\/\/socob.co.ma\/wp-content\/uploads\/2025\/04\/Nabil-Tazi.png\" class=\"attachment-large size-large wp-image-4975\" alt=\"\" srcset=\"https:\/\/socob.co.ma\/wp-content\/uploads\/2025\/04\/Nabil-Tazi.png 616w, https:\/\/socob.co.ma\/wp-content\/uploads\/2025\/04\/Nabil-Tazi-220x300.png 220w, https:\/\/socob.co.ma\/wp-content\/uploads\/2025\/04\/Nabil-Tazi-9x12.png 9w, https:\/\/socob.co.ma\/wp-content\/uploads\/2025\/04\/Nabil-Tazi-600x819.png 600w\" sizes=\"(max-width: 616px) 100vw, 616px\" \/>\t\t\t\t\t\t\t\t\t\t\t\t\t\t\t<\/div>\n\t\t\t\t<\/div>\n\t\t\t\t\t<\/div>\n\t\t<\/div>\n\t\t\t\t<div class=\"elementor-column elementor-col-50 elementor-inner-column elementor-element elementor-element-157e5aa\" data-id=\"157e5aa\" data-element_type=\"column\" data-e-type=\"column\">\n\t\t\t<div class=\"elementor-widget-wrap elementor-element-populated\">\n\t\t\t\t\t\t<div class=\"elementor-element elementor-element-941ced9 elementor-widget elementor-widget-heading\" data-id=\"941ced9\" data-element_type=\"widget\" data-e-type=\"widget\" data-widget_type=\"heading.default\">\n\t\t\t\t<div class=\"elementor-widget-container\">\n\t\t\t\t\t<h2 class=\"elementor-heading-title elementor-size-default\">President's Corner<\/h2>\t\t\t\t<\/div>\n\t\t\t\t<\/div>\n\t\t\t\t<div class=\"elementor-element elementor-element-6657211 elementor-widget elementor-widget-text-editor\" data-id=\"6657211\" data-element_type=\"widget\" data-e-type=\"widget\" data-widget_type=\"text-editor.default\">\n\t\t\t\t<div class=\"elementor-widget-container\">\n\t\t\t\t\t\t\t\t\tTimber Trading Company (SOCOB), a family business founded in 1970, has grown over time and with loyal employees, guided by simple and essential values: proximity, expertise, and respect for commitments.\nFor over 40 years, we have dedicated ourselves to this passion, driven by a love of wood and respect for the craft.\nEvery day, this vision inspires us and guides our path, combining living tradition with a drive toward the future.\nToday, SOCOB is a network of 18 branches throughout the Kingdom, a fleet of 75 trucks, and over 300,000 m\u00b2 of storage space.\nA solid foundation to support manufacturers, resellers, distributors, and artisans, with the same commitment to excellence, throughout Morocco.\nMore than 350 employees share a common commitment: the constant pursuit of quality, from the rigorous selection of wood to its delivery. Thanks to our strategic presence in Morocco&rsquo;s main ports (Nador, Tangier, Casablanca, Agadir, and finally Layoune), we directly import the finest wood and panels from Europe and the rest of the world, alongside leading partners: SCA, Metsa, Hasslacher, Etorki, Kastamonu, Sonae, Finsa, Polkky, and more.\n\n<em><strong>And if the future pushes us to go further, it is also illuminated by the past.<\/strong><\/em>\n<blockquote>To all our partners, thank you for your trust.\n\nYesterday, today, tomorrow: together, sustainably.<\/blockquote>\t\t\t\t\t\t\t\t<\/div>\n\t\t\t\t<\/div>\n\t\t\t\t<div class=\"elementor-element elementor-element-bd91aa8 elementor-hidden-desktop elementor-hidden-tablet elementor-hidden-mobile elementor-widget elementor-widget-text-editor\" data-id=\"bd91aa8\" data-element_type=\"widget\" data-e-type=\"widget\" data-widget_type=\"text-editor.default\">\n\t\t\t\t<div class=\"elementor-widget-container\">\n\t\t\t\t\t\t\t\t\t<p>La Soci\u00e9t\u00e9 Commerciale des Bois \u201cSOCOB\u201d, entreprise familiale n\u00e9e en 1970, s\u2019est fa\u00e7onn\u00e9e au rythme du temps et de collaborateurs fid\u00e8les, guid\u00e9e par des valeurs simples et essentielles : la proximit\u00e9, le savoir-faire et le respect des engagements.<\/p><p>Depuis plus de 40 ans, je m\u2019y consacre avec passion, port\u00e9 par l\u2019amour du bois et le respect du m\u00e9tier. Chaque jour, cette vision nous inspire et trace notre chemin, entre tradition vivante et \u00e9lan vers l\u2019avenir.<\/p><p>Aujourd\u2019hui, SOCOB est un r\u00e9seau de 18 agences \u00e0 travers tout le Royaume, une flotte de 75 camions et plus de 300 000 m2 de surface de stockage.<\/p><p>Un ancrage solide pour accompagner industriels, revendeurs, distributeurs et artisans, avec la m\u00eame exigence d\u2019excellence, partout au Maroc.<\/p><p>Plus de 350 collaborateurs partagent un engagement commun : la recherche constante de la qualit\u00e9, depuis la s\u00e9lection rigoureuse des bois jusqu\u2019\u00e0 leur livraison.<\/p><p>Gr\u00e2ce \u00e0 notre pr\u00e9sence strat\u00e9gique dans les principaux ports du Maroc (Nador, Tanger, Casablanca, Agadir et enfin Layoune), nous importons directement les meilleurs bois d\u2019Europe, aux c\u00f4t\u00e9s de partenaires de r\u00e9f\u00e9rence : SCA, Metsa, Hasslacher, Etorki, Kastamonu, Sonae, Finsa, Polkky&#8230;<br \/>Et si l\u2019avenir nous pousse \u00e0 aller plus loin, il s\u2019\u00e9claire aussi du pass\u00e9.\u00a0<\/p><p>\u00c0 tous nos partenaires, merci pour votre confiance renouvel\u00e9e.<\/p><blockquote><p>Hier, aujourd\u2019hui, demain : ensemble, durablement.<\/p><p>L\u2019histoire continue de s\u2019\u00e9crire \u00e0 vos c\u00f4t\u00e9s.<\/p><\/blockquote>\t\t\t\t\t\t\t\t<\/div>\n\t\t\t\t<\/div>\n\t\t\t\t<div class=\"elementor-element elementor-element-18289fb elementor-widget elementor-widget-text-editor\" data-id=\"18289fb\" data-element_type=\"widget\" data-e-type=\"widget\" data-widget_type=\"text-editor.default\">\n\t\t\t\t<div class=\"elementor-widget-container\">\n\t\t\t\t\t\t\t\t\t<p style=\"text-align: right;\"><em><span style=\"font-weight: 400;\">Nabil Tazi<\/span><\/em><\/p>\t\t\t\t\t\t\t\t<\/div>\n\t\t\t\t<\/div>\n\t\t\t\t\t<\/div>\n\t\t<\/div>\n\t\t\t\t\t<\/div>\n\t\t<\/section>\n\t\t\t\t\t<\/div>\n\t\t<\/div>\n\t\t\t\t\t<\/div>\n\t\t<\/section>\n\t\t\t\t<\/div>","protected":false},"excerpt":{"rendered":"<p>President&rsquo;s Corner Timber Trading Company (SOCOB), a family business founded in 1970, has grown over time and with loyal employees, guided by simple and essential values: proximity, expertise, and respect for commitments. For [&hellip;]<\/p>\n","protected":false},"author":1,"featured_media":0,"parent":0,"menu_order":0,"comment_status":"closed","ping_status":"closed","template":"","meta":{"footnotes":""},"class_list":["post-5644","page","type-page","status-publish","hentry"],"_links":{"self":[{"href":"https:\/\/socob.co.ma\/en\/wp-json\/wp\/v2\/pages\/5644","targetHints":{"allow":["GET"]}}],"collection":[{"href":"https:\/\/socob.co.ma\/en\/wp-json\/wp\/v2\/pages"}],"about":[{"href":"https:\/\/socob.co.ma\/en\/wp-json\/wp\/v2\/types\/page"}],"author":[{"embeddable":true,"href":"https:\/\/socob.co.ma\/en\/wp-json\/wp\/v2\/users\/1"}],"replies":[{"embeddable":true,"href":"https:\/\/socob.co.ma\/en\/wp-json\/wp\/v2\/comments?post=5644"}],"version-history":[{"count":7,"href":"https:\/\/socob.co.ma\/en\/wp-json\/wp\/v2\/pages\/5644\/revisions"}],"predecessor-version":[{"id":5783,"href":"https:\/\/socob.co.ma\/en\/wp-json\/wp\/v2\/pages\/5644\/revisions\/5783"}],"wp:attachment":[{"href":"https:\/\/socob.co.ma\/en\/wp-json\/wp\/v2\/media?parent=5644"}],"curies":[{"name":"wp","href":"https:\/\/api.w.org\/{rel}","templated":true}]}}